{"id":13145,"date":"2021-10-20T22:18:53","date_gmt":"2021-10-20T21:18:53","guid":{"rendered":"https:\/\/curves.eu\/?page_id=13145"},"modified":"2023-11-20T09:36:22","modified_gmt":"2023-11-20T09:36:22","slug":"app-faq-sv","status":"publish","type":"page","link":"https:\/\/www.curves.eu\/sv\/app-faq-sv\/","title":{"rendered":"App FAQ"},"content":{"rendered":"\t\t<div data-elementor-type=\"wp-page\" data-elementor-id=\"13145\" class=\"elementor elementor-13145 elementor-13139\" data-elementor-post-type=\"page\">\n\t\t\t\t\t\t<section data-dce-background-image-url=\"https:\/\/www.curves.eu\/wp-content\/uploads\/2021\/08\/curves-programme-1.jpg\" class=\"elementor-section elementor-top-section elementor-element elementor-element-12cba78 elementor-section-height-min-height elementor-section-boxed elementor-section-height-default elementor-section-items-middle\" data-id=\"12cba78\" data-element_type=\"section\" data-settings=\"{&quot;background_background&quot;:&quot;classic&quot;}\">\n\t\t\t\t\t\t\t<div class=\"elementor-background-overlay\"><\/div>\n\t\t\t\t\t\t\t<div class=\"elementor-container elementor-column-gap-default\">\n\t\t\t\t\t<div class=\"elementor-column elementor-col-100 elementor-top-column elementor-element elementor-element-11fb5a9\" data-id=\"11fb5a9\" data-element_type=\"column\">\n\t\t\t<div class=\"elementor-widget-wrap elementor-element-populated\">\n\t\t\t\t\t\t<section class=\"elementor-section elementor-inner-section elementor-element elementor-element-57beeaa elementor-section-boxed elementor-section-height-default elementor-section-height-default\" data-id=\"57beeaa\" data-element_type=\"section\">\n\t\t\t\t\t\t<div class=\"elementor-container elementor-column-gap-default\">\n\t\t\t\t\t<div class=\"elementor-column elementor-col-100 elementor-inner-column elementor-element elementor-element-49fbc01\" data-id=\"49fbc01\" data-element_type=\"column\">\n\t\t\t<div class=\"elementor-widget-wrap elementor-element-populated\">\n\t\t\t\t\t\t<div class=\"elementor-element elementor-element-de60280 elementor-widget elementor-widget-heading\" data-id=\"de60280\" data-element_type=\"widget\" data-widget_type=\"heading.default\">\n\t\t\t\t<div class=\"elementor-widget-container\">\n\t\t\t\t\t<h1 class=\"elementor-heading-title elementor-size-default\">Vanliga fr\u00e5gor om Curves-appen<\/h1>\t\t\t\t<\/div>\n\t\t\t\t<\/div>\n\t\t\t\t\t<\/div>\n\t\t<\/div>\n\t\t\t\t\t<\/div>\n\t\t<\/section>\n\t\t\t\t\t<\/div>\n\t\t<\/div>\n\t\t\t\t\t<\/div>\n\t\t<\/section>\n\t\t\t\t<section class=\"elementor-section elementor-top-section elementor-element elementor-element-736e9b5 elementor-section-boxed elementor-section-height-default elementor-section-height-default\" data-id=\"736e9b5\" data-element_type=\"section\" data-settings=\"{&quot;background_background&quot;:&quot;classic&quot;}\">\n\t\t\t\t\t\t<div class=\"elementor-container elementor-column-gap-default\">\n\t\t\t\t\t<div class=\"elementor-column elementor-col-100 elementor-top-column elementor-element elementor-element-21a77c0\" data-id=\"21a77c0\" data-element_type=\"column\">\n\t\t\t<div class=\"elementor-widget-wrap elementor-element-populated\">\n\t\t\t\t\t\t<div class=\"elementor-element elementor-element-68710bd elementor-align-left elementor-widget elementor-widget-breadcrumbs\" data-id=\"68710bd\" data-element_type=\"widget\" data-widget_type=\"breadcrumbs.default\">\n\t\t\t\t<div class=\"elementor-widget-container\">\n\t\t\t\t\t<p id=\"breadcrumbs\"><span><span><a href=\"https:\/\/www.curves.eu\/sv\/\">Startsida<\/a><\/span><\/span><\/p>\t\t\t\t<\/div>\n\t\t\t\t<\/div>\n\t\t\t\t<section class=\"elementor-section elementor-inner-section elementor-element elementor-element-46946a2 elementor-section-boxed elementor-section-height-default elementor-section-height-default\" data-id=\"46946a2\" data-element_type=\"section\">\n\t\t\t\t\t\t<div class=\"elementor-container elementor-column-gap-default\">\n\t\t\t\t\t<div class=\"elementor-column elementor-col-100 elementor-inner-column elementor-element elementor-element-0f0096d\" data-id=\"0f0096d\" data-element_type=\"column\">\n\t\t\t<div class=\"elementor-widget-wrap elementor-element-populated\">\n\t\t\t\t\t\t<div class=\"elementor-element elementor-element-5e442ec elementor-widget elementor-widget-text-editor\" data-id=\"5e442ec\" data-element_type=\"widget\" data-widget_type=\"text-editor.default\">\n\t\t\t\t<div class=\"elementor-widget-container\">\n\t\t\t\t\t\t\t\t\t<p>Du kan leta efter svaret p\u00e5 din fr\u00e5ga p\u00e5 den h\u00e4r sidan. Om du inte hittar din fr\u00e5ga, tveka inte att kontakta din coach eller skriv till <a href=\"mailto:eumarketing@curves.eu\">eumarketing@curves.eu<\/a>. Vi \u00f6nskar dig all lycka till f\u00f6r att n\u00e5 dina h\u00e4lsom\u00e5l! <\/p>\n\t\t\t\t\t\t\t\t<\/div>\n\t\t\t\t<\/div>\n\t\t\t\t\t<\/div>\n\t\t<\/div>\n\t\t\t\t\t<\/div>\n\t\t<\/section>\n\t\t\t\t<section class=\"elementor-section elementor-inner-section elementor-element elementor-element-ad9dc0e elementor-section-boxed elementor-section-height-default elementor-section-height-default\" data-id=\"ad9dc0e\" data-element_type=\"section\">\n\t\t\t\t\t\t<div class=\"elementor-container elementor-column-gap-default\">\n\t\t\t\t\t<div class=\"elementor-column elementor-col-100 elementor-inner-column elementor-element elementor-element-598cc8f\" data-id=\"598cc8f\" data-element_type=\"column\">\n\t\t\t<div class=\"elementor-widget-wrap elementor-element-populated\">\n\t\t\t\t\t\t<div class=\"elementor-element elementor-element-fefbb9e elementor-widget elementor-widget-text-editor\" data-id=\"fefbb9e\" data-element_type=\"widget\" data-widget_type=\"text-editor.default\">\n\t\t\t\t<div class=\"elementor-widget-container\">\n\t\t\t\t\t\t\t\t\t<h3>Varf\u00f6r flyttar vi till en ny app?<\/h3>\r\nVi k\u00e4nde att det var viktigt att utveckla en ny skr\u00e4ddarsydd app som m\u00f6ter behoven i den senaste utvecklingen och v\u00e5ra medlemmars behov. Den nya appen kommer att vara helt integrerad med New Smart och Member Experience.\r\n<h3>Hur skaffar jag den nya appen?<\/h3>\r\nDin klubb kommer att meddela dig n\u00e4r vi g\u00e5r \u00f6ver till den nya appen och du kommer att f\u00e5 ett e-postmeddelande (Curves Europe powered by Sportable) med en l\u00e4nk f\u00f6r att skapa ett l\u00f6senord. N\u00e4r du f\u00e5r e-postmeddelandet klickar du p\u00e5 den bl\u00e5 knappen &#8221;skapa l\u00f6senord&#8221;. En ny sida \u00f6ppnas d\u00e4r du uppmanas att skapa ett l\u00f6senord och bekr\u00e4fta l\u00f6senordet. Ditt l\u00f6senord ska vara minst 8 tecken l\u00e5ngt och inneh\u00e5lla minst en stor bokstav och minst en siffra.<br>\r\nN\u00e4r du har skapat ditt l\u00f6senord f\u00e5r du en l\u00e4nk f\u00f6r att ladda ner appen fr\u00e5n din appbutik. N\u00e4r du har installerat den \u00f6ppnar du appen och anger din e-postadress (samma som l\u00f6senordet f\u00f6r att skapa skickades till) och anger l\u00f6senordet du just skapade. Du kommer inte att kunna \u00f6ppna appen f\u00f6rr\u00e4n ditt nya l\u00f6senord har skapats.\r\n<h3>Jag kan inte hitta e-postmeddelandet f\u00f6r att skapa ett l\u00f6senord<\/h3>\r\nOm du inte kan se e-postmeddelandet, kontrollera med din tr\u00e4nare att e-postadressen de har registrerat \u00e4r den korrekta. Kontrollera i din skr\u00e4ppost om den har skickats till skr\u00e4pposten.\r\n<h3>N\u00e4r jag \u00f6ppnar e-postmeddelandet ser jag bara en tom sida<\/h3>\r\nL\u00e4nken i e-postmeddelandet \u00e4r endast giltig i 7 dagar s\u00e5 om det \u00e4r mer \u00e4n 7 dagar sedan du fick e-postmeddelandet, prata med din coach och be dem skicka inbjudan igen.\r\n<h3>Jag har gl\u00f6mt mitt l\u00f6senord<\/h3>\r\nOm du redan har f\u00f6ljt l\u00e4nken f\u00f6r att skapa ett l\u00f6senord men du har gl\u00f6mt ditt l\u00f6senord, klicka helt enkelt p\u00e5 knappen &#8221;gl\u00f6mt l\u00f6senord&#8221;. Ett e-postmeddelande kommer att skickas till dig med en l\u00e4nk f\u00f6r att skapa ett nytt l\u00f6senord. Obs: den h\u00e4r l\u00e4nken f\u00f6r att skapa ett nytt l\u00f6senord \u00e4r endast giltig i 2 timmar.\t\t\t\t\t\t\t\t<\/div>\n\t\t\t\t<\/div>\n\t\t\t\t\t<\/div>\n\t\t<\/div>\n\t\t\t\t\t<\/div>\n\t\t<\/section>\n\t\t\t\t\t<\/div>\n\t\t<\/div>\n\t\t\t\t\t<\/div>\n\t\t<\/section>\n\t\t\t\t<\/div>\n\t\t","protected":false},"excerpt":{"rendered":"","protected":false},"author":1,"featured_media":0,"parent":0,"menu_order":0,"comment_status":"closed","ping_status":"closed","template":"page-templates\/template-pagebuilder-full-width.php","meta":{"_acf_changed":false,"neve_meta_sidebar":"full-width","neve_meta_container":"","neve_meta_enable_content_width":"on","neve_meta_content_width":100,"neve_meta_title_alignment":"","neve_meta_author_avatar":"","neve_post_elements_order":"","neve_meta_disable_header":"","neve_meta_disable_footer":"","neve_meta_disable_title":"","neve_meta_reading_time":"","footnotes":""},"class_list":["post-13145","page","type-page","status-publish","hentry"],"acf":[],"yoast_head":"<!-- This site is optimized with the Yoast SEO plugin v26.6 - https:\/\/yoast.com\/wordpress\/plugins\/seo\/ -->\n<title>App FAQ - Curves<\/title>\n<meta name=\"robots\" content=\"index, follow, max-snippet:-1, max-image-preview:large, max-video-preview:-1\" \/>\n<link rel=\"canonical\" href=\"https:\/\/www.curves.eu\/sv\/app-faq-sv\/\" \/>\n<meta property=\"og:locale\" content=\"sv_SE\" \/>\n<meta property=\"og:type\" content=\"article\" \/>\n<meta property=\"og:title\" content=\"App FAQ - Curves\" \/>\n<meta property=\"og:url\" content=\"https:\/\/www.curves.eu\/sv\/app-faq-sv\/\" \/>\n<meta property=\"og:site_name\" content=\"Curves\" \/>\n<meta property=\"article:modified_time\" content=\"2023-11-20T09:36:22+00:00\" \/>\n<meta name=\"twitter:card\" content=\"summary_large_image\" \/>\n<meta name=\"twitter:label1\" content=\"Ber\u00e4knad l\u00e4stid\" \/>\n\t<meta name=\"twitter:data1\" content=\"2 minuter\" \/>\n<script type=\"application\/ld+json\" class=\"yoast-schema-graph\">{\"@context\":\"https:\/\/schema.org\",\"@graph\":[{\"@type\":\"WebPage\",\"@id\":\"https:\/\/www.curves.eu\/sv\/app-faq-sv\/\",\"url\":\"https:\/\/www.curves.eu\/sv\/app-faq-sv\/\",\"name\":\"App FAQ - Curves\",\"isPartOf\":{\"@id\":\"https:\/\/www.curves.eu\/sv\/#website\"},\"datePublished\":\"2021-10-20T21:18:53+00:00\",\"dateModified\":\"2023-11-20T09:36:22+00:00\",\"breadcrumb\":{\"@id\":\"https:\/\/www.curves.eu\/sv\/app-faq-sv\/#breadcrumb\"},\"inLanguage\":\"sv-SE\",\"potentialAction\":[{\"@type\":\"ReadAction\",\"target\":[\"https:\/\/www.curves.eu\/sv\/app-faq-sv\/\"]}]},{\"@type\":\"BreadcrumbList\",\"@id\":\"https:\/\/www.curves.eu\/sv\/app-faq-sv\/#breadcrumb\",\"itemListElement\":[{\"@type\":\"ListItem\",\"position\":1,\"name\":\"Startsida\",\"item\":\"https:\/\/www.curves.eu\/sv\/\"},{\"@type\":\"ListItem\",\"position\":2,\"name\":\"App FAQ\"}]},{\"@type\":\"WebSite\",\"@id\":\"https:\/\/www.curves.eu\/sv\/#website\",\"url\":\"https:\/\/www.curves.eu\/sv\/\",\"name\":\"Curves\",\"description\":\"\",\"publisher\":{\"@id\":\"https:\/\/www.curves.eu\/sv\/#organization\"},\"potentialAction\":[{\"@type\":\"SearchAction\",\"target\":{\"@type\":\"EntryPoint\",\"urlTemplate\":\"https:\/\/www.curves.eu\/sv\/?s={search_term_string}\"},\"query-input\":{\"@type\":\"PropertyValueSpecification\",\"valueRequired\":true,\"valueName\":\"search_term_string\"}}],\"inLanguage\":\"sv-SE\"},{\"@type\":\"Organization\",\"@id\":\"https:\/\/www.curves.eu\/sv\/#organization\",\"name\":\"Curves\",\"url\":\"https:\/\/www.curves.eu\/sv\/\",\"logo\":{\"@type\":\"ImageObject\",\"inLanguage\":\"sv-SE\",\"@id\":\"https:\/\/www.curves.eu\/sv\/#\/schema\/logo\/image\/\",\"url\":\"https:\/\/www.curves.eu\/wp-content\/uploads\/2021\/08\/Curves-Logo-fitness-for-women.png\",\"contentUrl\":\"https:\/\/www.curves.eu\/wp-content\/uploads\/2021\/08\/Curves-Logo-fitness-for-women.png\",\"width\":198,\"height\":72,\"caption\":\"Curves\"},\"image\":{\"@id\":\"https:\/\/www.curves.eu\/sv\/#\/schema\/logo\/image\/\"}}]}<\/script>\n<!-- \/ Yoast SEO plugin. -->","yoast_head_json":{"title":"App FAQ - Curves","robots":{"index":"index","follow":"follow","max-snippet":"max-snippet:-1","max-image-preview":"max-image-preview:large","max-video-preview":"max-video-preview:-1"},"canonical":"https:\/\/www.curves.eu\/sv\/app-faq-sv\/","og_locale":"sv_SE","og_type":"article","og_title":"App FAQ - Curves","og_url":"https:\/\/www.curves.eu\/sv\/app-faq-sv\/","og_site_name":"Curves","article_modified_time":"2023-11-20T09:36:22+00:00","twitter_card":"summary_large_image","twitter_misc":{"Ber\u00e4knad l\u00e4stid":"2 minuter"},"schema":{"@context":"https:\/\/schema.org","@graph":[{"@type":"WebPage","@id":"https:\/\/www.curves.eu\/sv\/app-faq-sv\/","url":"https:\/\/www.curves.eu\/sv\/app-faq-sv\/","name":"App FAQ - Curves","isPartOf":{"@id":"https:\/\/www.curves.eu\/sv\/#website"},"datePublished":"2021-10-20T21:18:53+00:00","dateModified":"2023-11-20T09:36:22+00:00","breadcrumb":{"@id":"https:\/\/www.curves.eu\/sv\/app-faq-sv\/#breadcrumb"},"inLanguage":"sv-SE","potentialAction":[{"@type":"ReadAction","target":["https:\/\/www.curves.eu\/sv\/app-faq-sv\/"]}]},{"@type":"BreadcrumbList","@id":"https:\/\/www.curves.eu\/sv\/app-faq-sv\/#breadcrumb","itemListElement":[{"@type":"ListItem","position":1,"name":"Startsida","item":"https:\/\/www.curves.eu\/sv\/"},{"@type":"ListItem","position":2,"name":"App FAQ"}]},{"@type":"WebSite","@id":"https:\/\/www.curves.eu\/sv\/#website","url":"https:\/\/www.curves.eu\/sv\/","name":"Curves","description":"","publisher":{"@id":"https:\/\/www.curves.eu\/sv\/#organization"},"potentialAction":[{"@type":"SearchAction","target":{"@type":"EntryPoint","urlTemplate":"https:\/\/www.curves.eu\/sv\/?s={search_term_string}"},"query-input":{"@type":"PropertyValueSpecification","valueRequired":true,"valueName":"search_term_string"}}],"inLanguage":"sv-SE"},{"@type":"Organization","@id":"https:\/\/www.curves.eu\/sv\/#organization","name":"Curves","url":"https:\/\/www.curves.eu\/sv\/","logo":{"@type":"ImageObject","inLanguage":"sv-SE","@id":"https:\/\/www.curves.eu\/sv\/#\/schema\/logo\/image\/","url":"https:\/\/www.curves.eu\/wp-content\/uploads\/2021\/08\/Curves-Logo-fitness-for-women.png","contentUrl":"https:\/\/www.curves.eu\/wp-content\/uploads\/2021\/08\/Curves-Logo-fitness-for-women.png","width":198,"height":72,"caption":"Curves"},"image":{"@id":"https:\/\/www.curves.eu\/sv\/#\/schema\/logo\/image\/"}}]}},"_links":{"self":[{"href":"https:\/\/www.curves.eu\/sv\/wp-json\/wp\/v2\/pages\/13145","targetHints":{"allow":["GET"]}}],"collection":[{"href":"https:\/\/www.curves.eu\/sv\/wp-json\/wp\/v2\/pages"}],"about":[{"href":"https:\/\/www.curves.eu\/sv\/wp-json\/wp\/v2\/types\/page"}],"author":[{"embeddable":true,"href":"https:\/\/www.curves.eu\/sv\/wp-json\/wp\/v2\/users\/1"}],"replies":[{"embeddable":true,"href":"https:\/\/www.curves.eu\/sv\/wp-json\/wp\/v2\/comments?post=13145"}],"version-history":[{"count":5,"href":"https:\/\/www.curves.eu\/sv\/wp-json\/wp\/v2\/pages\/13145\/revisions"}],"predecessor-version":[{"id":23090,"href":"https:\/\/www.curves.eu\/sv\/wp-json\/wp\/v2\/pages\/13145\/revisions\/23090"}],"wp:attachment":[{"href":"https:\/\/www.curves.eu\/sv\/wp-json\/wp\/v2\/media?parent=13145"}],"curies":[{"name":"wp","href":"https:\/\/api.w.org\/{rel}","templated":true}]}}