{"id":13142,"date":"2021-10-20T22:03:08","date_gmt":"2021-10-20T21:03:08","guid":{"rendered":"https:\/\/curves.eu\/?page_id=13142"},"modified":"2023-11-20T09:28:43","modified_gmt":"2023-11-20T09:28:43","slug":"app-faq-fr","status":"publish","type":"page","link":"https:\/\/www.curves.eu\/fr\/app-faq-fr\/","title":{"rendered":"App FAQ"},"content":{"rendered":"\t\t<div data-elementor-type=\"wp-page\" data-elementor-id=\"13142\" class=\"elementor elementor-13142 elementor-13139\" data-elementor-post-type=\"page\">\n\t\t\t\t\t\t<section data-dce-background-image-url=\"https:\/\/www.curves.eu\/wp-content\/uploads\/2021\/08\/curves-programme-1.jpg\" class=\"elementor-section elementor-top-section elementor-element elementor-element-12cba78 elementor-section-height-min-height elementor-section-boxed elementor-section-height-default elementor-section-items-middle\" data-id=\"12cba78\" data-element_type=\"section\" data-settings=\"{&quot;background_background&quot;:&quot;classic&quot;}\">\n\t\t\t\t\t\t\t<div class=\"elementor-background-overlay\"><\/div>\n\t\t\t\t\t\t\t<div class=\"elementor-container elementor-column-gap-default\">\n\t\t\t\t\t<div class=\"elementor-column elementor-col-100 elementor-top-column elementor-element elementor-element-11fb5a9\" data-id=\"11fb5a9\" data-element_type=\"column\">\n\t\t\t<div class=\"elementor-widget-wrap elementor-element-populated\">\n\t\t\t\t\t\t<section class=\"elementor-section elementor-inner-section elementor-element elementor-element-57beeaa elementor-section-boxed elementor-section-height-default elementor-section-height-default\" data-id=\"57beeaa\" data-element_type=\"section\">\n\t\t\t\t\t\t<div class=\"elementor-container elementor-column-gap-default\">\n\t\t\t\t\t<div class=\"elementor-column elementor-col-100 elementor-inner-column elementor-element elementor-element-49fbc01\" data-id=\"49fbc01\" data-element_type=\"column\">\n\t\t\t<div class=\"elementor-widget-wrap elementor-element-populated\">\n\t\t\t\t\t\t<div class=\"elementor-element elementor-element-de60280 elementor-widget elementor-widget-heading\" data-id=\"de60280\" data-element_type=\"widget\" data-widget_type=\"heading.default\">\n\t\t\t\t<div class=\"elementor-widget-container\">\n\t\t\t\t\t<h1 class=\"elementor-heading-title elementor-size-default\">Foire Aux Questions sur l'Appli Curves<\/h1>\t\t\t\t<\/div>\n\t\t\t\t<\/div>\n\t\t\t\t\t<\/div>\n\t\t<\/div>\n\t\t\t\t\t<\/div>\n\t\t<\/section>\n\t\t\t\t\t<\/div>\n\t\t<\/div>\n\t\t\t\t\t<\/div>\n\t\t<\/section>\n\t\t\t\t<section class=\"elementor-section elementor-top-section elementor-element elementor-element-736e9b5 elementor-section-boxed elementor-section-height-default elementor-section-height-default\" data-id=\"736e9b5\" data-element_type=\"section\" data-settings=\"{&quot;background_background&quot;:&quot;classic&quot;}\">\n\t\t\t\t\t\t<div class=\"elementor-container elementor-column-gap-default\">\n\t\t\t\t\t<div class=\"elementor-column elementor-col-100 elementor-top-column elementor-element elementor-element-21a77c0\" data-id=\"21a77c0\" data-element_type=\"column\">\n\t\t\t<div class=\"elementor-widget-wrap elementor-element-populated\">\n\t\t\t\t\t\t<div class=\"elementor-element elementor-element-68710bd elementor-align-left elementor-widget elementor-widget-breadcrumbs\" data-id=\"68710bd\" data-element_type=\"widget\" data-widget_type=\"breadcrumbs.default\">\n\t\t\t\t<div class=\"elementor-widget-container\">\n\t\t\t\t\t<p id=\"breadcrumbs\"><span><span><a href=\"https:\/\/www.curves.eu\/fr\/\">Accueil<\/a><\/span><\/span><\/p>\t\t\t\t<\/div>\n\t\t\t\t<\/div>\n\t\t\t\t<section class=\"elementor-section elementor-inner-section elementor-element elementor-element-46946a2 elementor-section-boxed elementor-section-height-default elementor-section-height-default\" data-id=\"46946a2\" data-element_type=\"section\">\n\t\t\t\t\t\t<div class=\"elementor-container elementor-column-gap-default\">\n\t\t\t\t\t<div class=\"elementor-column elementor-col-100 elementor-inner-column elementor-element elementor-element-0f0096d\" data-id=\"0f0096d\" data-element_type=\"column\">\n\t\t\t<div class=\"elementor-widget-wrap elementor-element-populated\">\n\t\t\t\t\t\t<div class=\"elementor-element elementor-element-5e442ec elementor-widget elementor-widget-text-editor\" data-id=\"5e442ec\" data-element_type=\"widget\" data-widget_type=\"text-editor.default\">\n\t\t\t\t<div class=\"elementor-widget-container\">\n\t\t\t\t\t\t\t\t\t<p>Vous trouverez la r\u00e9ponse \u00e0 votre question sur cette page. Si vous ne trouvez pas votre question, n&rsquo;h\u00e9sitez pas \u00e0 contacter votre coach ou \u00e0 \u00e9crire \u00e0 <a href=\"mailto:eumarketing@curves.eu\">eumarketing@curves.eu<\/a>. Tous nos v\u0153ux de succ\u00e8s dans la r\u00e9alisation de vos objectifs!<\/p>\n\t\t\t\t\t\t\t\t<\/div>\n\t\t\t\t<\/div>\n\t\t\t\t\t<\/div>\n\t\t<\/div>\n\t\t\t\t\t<\/div>\n\t\t<\/section>\n\t\t\t\t<section class=\"elementor-section elementor-inner-section elementor-element elementor-element-ad9dc0e elementor-section-boxed elementor-section-height-default elementor-section-height-default\" data-id=\"ad9dc0e\" data-element_type=\"section\">\n\t\t\t\t\t\t<div class=\"elementor-container elementor-column-gap-default\">\n\t\t\t\t\t<div class=\"elementor-column elementor-col-100 elementor-inner-column elementor-element elementor-element-598cc8f\" data-id=\"598cc8f\" data-element_type=\"column\">\n\t\t\t<div class=\"elementor-widget-wrap elementor-element-populated\">\n\t\t\t\t\t\t<div class=\"elementor-element elementor-element-fefbb9e elementor-widget elementor-widget-text-editor\" data-id=\"fefbb9e\" data-element_type=\"widget\" data-widget_type=\"text-editor.default\">\n\t\t\t\t<div class=\"elementor-widget-container\">\n\t\t\t\t\t\t\t\t\t<h3>Pourquoi passons-nous \u00e0 une nouvelle application ?<\/h3>\r\nNous avons estim\u00e9 qu&rsquo;il \u00e9tait important de d\u00e9velopper une nouvelle application sur mesure qui r\u00e9ponde aux besoins des d\u00e9veloppements r\u00e9cents et aux besoins de nos membres. La nouvelle application int\u00e9grera enti\u00e8rement la nouvelle exp\u00e9rience Smart et Member.\r\n<h3>Comment puis-je obtenir la nouvelle application ?<\/h3>\r\nVotre club vous informera lorsque nous passerons \u00e0 la nouvelle application et vous recevrez un e-mail (Curves Europe powered by Sportable) avec un lien pour cr\u00e9er un mot de passe. Lorsque vous recevez l&rsquo;e-mail, cliquez sur le bouton bleu \u00ab cr\u00e9er un mot de passe \u00bb. Une nouvelle page s&rsquo;ouvrira vous demandant de cr\u00e9er un mot de passe et de confirmer le mot de passe. Votre mot de passe doit comporter au moins 8 caract\u00e8res et contenir au moins une lettre majuscule et au moins un chiffre.<br>\r\nApr\u00e8s avoir cr\u00e9\u00e9 votre mot de passe, vous recevrez un lien pour t\u00e9l\u00e9charger l&rsquo;application depuis votre boutique d&rsquo;applications. Une fois install\u00e9e, ouvrez l&rsquo;application et entrez votre adresse e-mail (la m\u00eame que celle \u00e0 laquelle le mot de passe de cr\u00e9ation a \u00e9t\u00e9 envoy\u00e9) et entrez le mot de passe que vous venez de cr\u00e9er. Vous ne pourrez pas ouvrir l&rsquo;application tant que votre nouveau mot de passe n&rsquo;aura pas \u00e9t\u00e9 cr\u00e9\u00e9.\r\n<h3>Je ne trouve pas l&rsquo;e-mail pour cr\u00e9er un mot de passe<\/h3>\r\nSi vous ne voyez pas l&rsquo;e-mail, v\u00e9rifiez aupr\u00e8s de votre entra\u00eeneur que l&rsquo;e-mail qu&rsquo;il a dans ses dossiers est le bon. V\u00e9rifiez dans votre bo\u00eete de courrier ind\u00e9sirable au cas o\u00f9 il aurait \u00e9t\u00e9 envoy\u00e9 dans les spams.\r\n<h3>Lorsque j&rsquo;ouvre l&rsquo;e-mail, je ne vois qu&rsquo;une page blanche<\/h3>\r\nLe lien dans l&rsquo;e-mail n&rsquo;est valable que pendant 7 jours, donc si plus de 7 jours se sont \u00e9coul\u00e9s depuis que vous avez re\u00e7u l&rsquo;e-mail, parlez-en \u00e0 votre coach et demandez-lui de renvoyer l&rsquo;invitation.\r\n<h3>J&rsquo;ai oubli\u00e9 mon mot de passe<\/h3>\r\nSi vous avez d\u00e9j\u00e0 suivi le lien pour cr\u00e9er un mot de passe mais que vous avez oubli\u00e9 votre mot de passe, il vous suffit de cliquer sur le bouton \u00ab mot de passe oubli\u00e9 \u00bb. Un e-mail vous sera envoy\u00e9 avec un lien pour cr\u00e9er un nouveau mot de passe. Remarque : ce lien pour cr\u00e9er un nouveau mot de passe n&rsquo;est valable que pendant 2 heures.\t\t\t\t\t\t\t\t<\/div>\n\t\t\t\t<\/div>\n\t\t\t\t\t<\/div>\n\t\t<\/div>\n\t\t\t\t\t<\/div>\n\t\t<\/section>\n\t\t\t\t\t<\/div>\n\t\t<\/div>\n\t\t\t\t\t<\/div>\n\t\t<\/section>\n\t\t\t\t<\/div>\n\t\t","protected":false},"excerpt":{"rendered":"","protected":false},"author":1,"featured_media":0,"parent":0,"menu_order":0,"comment_status":"closed","ping_status":"closed","template":"page-templates\/template-pagebuilder-full-width.php","meta":{"_acf_changed":false,"neve_meta_sidebar":"full-width","neve_meta_container":"","neve_meta_enable_content_width":"on","neve_meta_content_width":100,"neve_meta_title_alignment":"","neve_meta_author_avatar":"","neve_post_elements_order":"","neve_meta_disable_header":"","neve_meta_disable_footer":"","neve_meta_disable_title":"","neve_meta_reading_time":"","footnotes":""},"class_list":["post-13142","page","type-page","status-publish","hentry"],"acf":[],"yoast_head":"<!-- This site is optimized with the Yoast SEO plugin v26.6 - https:\/\/yoast.com\/wordpress\/plugins\/seo\/ -->\n<title>App FAQ - Curves<\/title>\n<meta name=\"robots\" content=\"index, follow, max-snippet:-1, max-image-preview:large, max-video-preview:-1\" \/>\n<link rel=\"canonical\" href=\"https:\/\/www.curves.eu\/fr\/app-faq-fr\/\" \/>\n<meta property=\"og:locale\" content=\"fr_FR\" \/>\n<meta property=\"og:type\" content=\"article\" \/>\n<meta property=\"og:title\" content=\"App FAQ - Curves\" \/>\n<meta property=\"og:url\" content=\"https:\/\/www.curves.eu\/fr\/app-faq-fr\/\" \/>\n<meta property=\"og:site_name\" content=\"Curves\" \/>\n<meta property=\"article:modified_time\" content=\"2023-11-20T09:28:43+00:00\" \/>\n<meta name=\"twitter:card\" content=\"summary_large_image\" \/>\n<meta name=\"twitter:label1\" content=\"Dur\u00e9e de lecture estim\u00e9e\" \/>\n\t<meta name=\"twitter:data1\" content=\"1 minute\" \/>\n<script type=\"application\/ld+json\" class=\"yoast-schema-graph\">{\"@context\":\"https:\/\/schema.org\",\"@graph\":[{\"@type\":\"WebPage\",\"@id\":\"https:\/\/www.curves.eu\/fr\/app-faq-fr\/\",\"url\":\"https:\/\/www.curves.eu\/fr\/app-faq-fr\/\",\"name\":\"App FAQ - Curves\",\"isPartOf\":{\"@id\":\"https:\/\/www.curves.eu\/fr\/#website\"},\"datePublished\":\"2021-10-20T21:03:08+00:00\",\"dateModified\":\"2023-11-20T09:28:43+00:00\",\"breadcrumb\":{\"@id\":\"https:\/\/www.curves.eu\/fr\/app-faq-fr\/#breadcrumb\"},\"inLanguage\":\"fr-FR\",\"potentialAction\":[{\"@type\":\"ReadAction\",\"target\":[\"https:\/\/www.curves.eu\/fr\/app-faq-fr\/\"]}]},{\"@type\":\"BreadcrumbList\",\"@id\":\"https:\/\/www.curves.eu\/fr\/app-faq-fr\/#breadcrumb\",\"itemListElement\":[{\"@type\":\"ListItem\",\"position\":1,\"name\":\"Accueil\",\"item\":\"https:\/\/www.curves.eu\/fr\/\"},{\"@type\":\"ListItem\",\"position\":2,\"name\":\"App FAQ\"}]},{\"@type\":\"WebSite\",\"@id\":\"https:\/\/www.curves.eu\/fr\/#website\",\"url\":\"https:\/\/www.curves.eu\/fr\/\",\"name\":\"Curves\",\"description\":\"\",\"publisher\":{\"@id\":\"https:\/\/www.curves.eu\/fr\/#organization\"},\"potentialAction\":[{\"@type\":\"SearchAction\",\"target\":{\"@type\":\"EntryPoint\",\"urlTemplate\":\"https:\/\/www.curves.eu\/fr\/?s={search_term_string}\"},\"query-input\":{\"@type\":\"PropertyValueSpecification\",\"valueRequired\":true,\"valueName\":\"search_term_string\"}}],\"inLanguage\":\"fr-FR\"},{\"@type\":\"Organization\",\"@id\":\"https:\/\/www.curves.eu\/fr\/#organization\",\"name\":\"Curves\",\"url\":\"https:\/\/www.curves.eu\/fr\/\",\"logo\":{\"@type\":\"ImageObject\",\"inLanguage\":\"fr-FR\",\"@id\":\"https:\/\/www.curves.eu\/fr\/#\/schema\/logo\/image\/\",\"url\":\"https:\/\/www.curves.eu\/wp-content\/uploads\/2021\/08\/Curves-Logo-fitness-for-women.png\",\"contentUrl\":\"https:\/\/www.curves.eu\/wp-content\/uploads\/2021\/08\/Curves-Logo-fitness-for-women.png\",\"width\":198,\"height\":72,\"caption\":\"Curves\"},\"image\":{\"@id\":\"https:\/\/www.curves.eu\/fr\/#\/schema\/logo\/image\/\"}}]}<\/script>\n<!-- \/ Yoast SEO plugin. -->","yoast_head_json":{"title":"App FAQ - Curves","robots":{"index":"index","follow":"follow","max-snippet":"max-snippet:-1","max-image-preview":"max-image-preview:large","max-video-preview":"max-video-preview:-1"},"canonical":"https:\/\/www.curves.eu\/fr\/app-faq-fr\/","og_locale":"fr_FR","og_type":"article","og_title":"App FAQ - Curves","og_url":"https:\/\/www.curves.eu\/fr\/app-faq-fr\/","og_site_name":"Curves","article_modified_time":"2023-11-20T09:28:43+00:00","twitter_card":"summary_large_image","twitter_misc":{"Dur\u00e9e de lecture estim\u00e9e":"1 minute"},"schema":{"@context":"https:\/\/schema.org","@graph":[{"@type":"WebPage","@id":"https:\/\/www.curves.eu\/fr\/app-faq-fr\/","url":"https:\/\/www.curves.eu\/fr\/app-faq-fr\/","name":"App FAQ - Curves","isPartOf":{"@id":"https:\/\/www.curves.eu\/fr\/#website"},"datePublished":"2021-10-20T21:03:08+00:00","dateModified":"2023-11-20T09:28:43+00:00","breadcrumb":{"@id":"https:\/\/www.curves.eu\/fr\/app-faq-fr\/#breadcrumb"},"inLanguage":"fr-FR","potentialAction":[{"@type":"ReadAction","target":["https:\/\/www.curves.eu\/fr\/app-faq-fr\/"]}]},{"@type":"BreadcrumbList","@id":"https:\/\/www.curves.eu\/fr\/app-faq-fr\/#breadcrumb","itemListElement":[{"@type":"ListItem","position":1,"name":"Accueil","item":"https:\/\/www.curves.eu\/fr\/"},{"@type":"ListItem","position":2,"name":"App FAQ"}]},{"@type":"WebSite","@id":"https:\/\/www.curves.eu\/fr\/#website","url":"https:\/\/www.curves.eu\/fr\/","name":"Curves","description":"","publisher":{"@id":"https:\/\/www.curves.eu\/fr\/#organization"},"potentialAction":[{"@type":"SearchAction","target":{"@type":"EntryPoint","urlTemplate":"https:\/\/www.curves.eu\/fr\/?s={search_term_string}"},"query-input":{"@type":"PropertyValueSpecification","valueRequired":true,"valueName":"search_term_string"}}],"inLanguage":"fr-FR"},{"@type":"Organization","@id":"https:\/\/www.curves.eu\/fr\/#organization","name":"Curves","url":"https:\/\/www.curves.eu\/fr\/","logo":{"@type":"ImageObject","inLanguage":"fr-FR","@id":"https:\/\/www.curves.eu\/fr\/#\/schema\/logo\/image\/","url":"https:\/\/www.curves.eu\/wp-content\/uploads\/2021\/08\/Curves-Logo-fitness-for-women.png","contentUrl":"https:\/\/www.curves.eu\/wp-content\/uploads\/2021\/08\/Curves-Logo-fitness-for-women.png","width":198,"height":72,"caption":"Curves"},"image":{"@id":"https:\/\/www.curves.eu\/fr\/#\/schema\/logo\/image\/"}}]}},"_links":{"self":[{"href":"https:\/\/www.curves.eu\/fr\/wp-json\/wp\/v2\/pages\/13142","targetHints":{"allow":["GET"]}}],"collection":[{"href":"https:\/\/www.curves.eu\/fr\/wp-json\/wp\/v2\/pages"}],"about":[{"href":"https:\/\/www.curves.eu\/fr\/wp-json\/wp\/v2\/types\/page"}],"author":[{"embeddable":true,"href":"https:\/\/www.curves.eu\/fr\/wp-json\/wp\/v2\/users\/1"}],"replies":[{"embeddable":true,"href":"https:\/\/www.curves.eu\/fr\/wp-json\/wp\/v2\/comments?post=13142"}],"version-history":[{"count":5,"href":"https:\/\/www.curves.eu\/fr\/wp-json\/wp\/v2\/pages\/13142\/revisions"}],"predecessor-version":[{"id":23087,"href":"https:\/\/www.curves.eu\/fr\/wp-json\/wp\/v2\/pages\/13142\/revisions\/23087"}],"wp:attachment":[{"href":"https:\/\/www.curves.eu\/fr\/wp-json\/wp\/v2\/media?parent=13142"}],"curies":[{"name":"wp","href":"https:\/\/api.w.org\/{rel}","templated":true}]}}