{"id":13141,"date":"2021-10-20T22:16:12","date_gmt":"2021-10-20T21:16:12","guid":{"rendered":"https:\/\/curves.eu\/?page_id=13141"},"modified":"2023-11-20T09:30:45","modified_gmt":"2023-11-20T09:30:45","slug":"app-faq-es","status":"publish","type":"page","link":"https:\/\/www.curves.eu\/es\/app-faq-es\/","title":{"rendered":"App FAQ"},"content":{"rendered":"\t\t<div data-elementor-type=\"wp-page\" data-elementor-id=\"13141\" class=\"elementor elementor-13141 elementor-13139\" data-elementor-post-type=\"page\">\n\t\t\t\t\t\t<section data-dce-background-image-url=\"https:\/\/www.curves.eu\/wp-content\/uploads\/2021\/08\/curves-programme-1.jpg\" class=\"elementor-section elementor-top-section elementor-element elementor-element-12cba78 elementor-section-height-min-height elementor-section-boxed elementor-section-height-default elementor-section-items-middle\" data-id=\"12cba78\" data-element_type=\"section\" data-settings=\"{&quot;background_background&quot;:&quot;classic&quot;}\">\n\t\t\t\t\t\t\t<div class=\"elementor-background-overlay\"><\/div>\n\t\t\t\t\t\t\t<div class=\"elementor-container elementor-column-gap-default\">\n\t\t\t\t\t<div class=\"elementor-column elementor-col-100 elementor-top-column elementor-element elementor-element-11fb5a9\" data-id=\"11fb5a9\" data-element_type=\"column\">\n\t\t\t<div class=\"elementor-widget-wrap elementor-element-populated\">\n\t\t\t\t\t\t<section class=\"elementor-section elementor-inner-section elementor-element elementor-element-57beeaa elementor-section-boxed elementor-section-height-default elementor-section-height-default\" data-id=\"57beeaa\" data-element_type=\"section\">\n\t\t\t\t\t\t<div class=\"elementor-container elementor-column-gap-default\">\n\t\t\t\t\t<div class=\"elementor-column elementor-col-100 elementor-inner-column elementor-element elementor-element-49fbc01\" data-id=\"49fbc01\" data-element_type=\"column\">\n\t\t\t<div class=\"elementor-widget-wrap elementor-element-populated\">\n\t\t\t\t\t\t<div class=\"elementor-element elementor-element-de60280 elementor-widget elementor-widget-heading\" data-id=\"de60280\" data-element_type=\"widget\" data-widget_type=\"heading.default\">\n\t\t\t\t<div class=\"elementor-widget-container\">\n\t\t\t\t\t<h1 class=\"elementor-heading-title elementor-size-default\">App Curves Preguntas Frecuentes<\/h1>\t\t\t\t<\/div>\n\t\t\t\t<\/div>\n\t\t\t\t\t<\/div>\n\t\t<\/div>\n\t\t\t\t\t<\/div>\n\t\t<\/section>\n\t\t\t\t\t<\/div>\n\t\t<\/div>\n\t\t\t\t\t<\/div>\n\t\t<\/section>\n\t\t\t\t<section class=\"elementor-section elementor-top-section elementor-element elementor-element-736e9b5 elementor-section-boxed elementor-section-height-default elementor-section-height-default\" data-id=\"736e9b5\" data-element_type=\"section\" data-settings=\"{&quot;background_background&quot;:&quot;classic&quot;}\">\n\t\t\t\t\t\t<div class=\"elementor-container elementor-column-gap-default\">\n\t\t\t\t\t<div class=\"elementor-column elementor-col-100 elementor-top-column elementor-element elementor-element-21a77c0\" data-id=\"21a77c0\" data-element_type=\"column\">\n\t\t\t<div class=\"elementor-widget-wrap elementor-element-populated\">\n\t\t\t\t\t\t<div class=\"elementor-element elementor-element-68710bd elementor-align-left elementor-widget elementor-widget-breadcrumbs\" data-id=\"68710bd\" data-element_type=\"widget\" data-widget_type=\"breadcrumbs.default\">\n\t\t\t\t<div class=\"elementor-widget-container\">\n\t\t\t\t\t<p id=\"breadcrumbs\"><span><span><a href=\"https:\/\/www.curves.eu\/es\/\">Inicio<\/a><\/span><\/span><\/p>\t\t\t\t<\/div>\n\t\t\t\t<\/div>\n\t\t\t\t<section class=\"elementor-section elementor-inner-section elementor-element elementor-element-46946a2 elementor-section-boxed elementor-section-height-default elementor-section-height-default\" data-id=\"46946a2\" data-element_type=\"section\">\n\t\t\t\t\t\t<div class=\"elementor-container elementor-column-gap-default\">\n\t\t\t\t\t<div class=\"elementor-column elementor-col-100 elementor-inner-column elementor-element elementor-element-0f0096d\" data-id=\"0f0096d\" data-element_type=\"column\">\n\t\t\t<div class=\"elementor-widget-wrap elementor-element-populated\">\n\t\t\t\t\t\t<div class=\"elementor-element elementor-element-5e442ec elementor-widget elementor-widget-text-editor\" data-id=\"5e442ec\" data-element_type=\"widget\" data-widget_type=\"text-editor.default\">\n\t\t\t\t<div class=\"elementor-widget-container\">\n\t\t\t\t\t\t\t\t\t<p>Puedes revisar las respuestas a tus preguntas en esta p\u00e1gina. De no encontrar tu pregunta, no dudes en contactar a tus entrenadores o escribir un correo a eumarketing@curves.eu \u00a1Te deseamos lo mejor mientras trabajas en tus metas de salud! <\/p>\n\t\t\t\t\t\t\t\t<\/div>\n\t\t\t\t<\/div>\n\t\t\t\t\t<\/div>\n\t\t<\/div>\n\t\t\t\t\t<\/div>\n\t\t<\/section>\n\t\t\t\t<section class=\"elementor-section elementor-inner-section elementor-element elementor-element-ad9dc0e elementor-section-boxed elementor-section-height-default elementor-section-height-default\" data-id=\"ad9dc0e\" data-element_type=\"section\">\n\t\t\t\t\t\t<div class=\"elementor-container elementor-column-gap-default\">\n\t\t\t\t\t<div class=\"elementor-column elementor-col-100 elementor-inner-column elementor-element elementor-element-598cc8f\" data-id=\"598cc8f\" data-element_type=\"column\">\n\t\t\t<div class=\"elementor-widget-wrap elementor-element-populated\">\n\t\t\t\t\t\t<div class=\"elementor-element elementor-element-fefbb9e elementor-widget elementor-widget-text-editor\" data-id=\"fefbb9e\" data-element_type=\"widget\" data-widget_type=\"text-editor.default\">\n\t\t\t\t<div class=\"elementor-widget-container\">\n\t\t\t\t\t\t\t\t\t<h3>\u00bfPor qu\u00e9 nos estamos moviendo a una nueva aplicaci\u00f3n?<\/h3>\r\nSentimos que es importante desarrollar una nueva aplicaci\u00f3n a medida que satisfaga las necesidades de los desarrollos recientes y las necesidades de nuestras socias. La nueva aplicaci\u00f3n integrar\u00e1 completamente el nuevo Smart y la Experiencia de Socias.\r\n<h3>\u00bfC\u00f3mo obtengo la nueva aplicaci\u00f3n?<\/h3>\r\nTu club te avisar\u00e1 cuando nos traslademos a la nueva aplicaci\u00f3n y recibir\u00e1s un correo electr\u00f3nico (Curves Europe powered by Sportable) con un enlace para crear una contrase\u00f1a. Cuando recibas el correo electr\u00f3nico, haz clic en el bot\u00f3n azul \u00abcrear contrase\u00f1a\u00bb. Se abrir\u00e1 una nueva p\u00e1gina pidi\u00e9ndole crear una contrase\u00f1a y la confirmaci\u00f3n. Tu contrase\u00f1a debe tener al menos 8 caracteres y contener al menos una letra may\u00fascula y al menos un n\u00famero.<br>\r\nDespu\u00e9s de crear tu contrase\u00f1a, recibir\u00e1s un enlace para descargar la aplicaci\u00f3n desde tu tienda de aplicaciones. Una vez instalada, abre la aplicaci\u00f3n e ingresa tu direcci\u00f3n de correo electr\u00f3nico (la misma a la que se envi\u00f3 la contrase\u00f1a de creaci\u00f3n) e ingresa la contrase\u00f1a que acabas de crear. No podr\u00e1s abrir la aplicaci\u00f3n hasta que se haya creado tu nueva contrase\u00f1a.\r\n<h3>No puedo encontrar el correo electr\u00f3nico para crear una contrase\u00f1a<\/h3>\r\nSi no puedes ver el correo electr\u00f3nico, verifica con tu entrenador que el correo electr\u00f3nico que tiene registrado es el correcto. Revisa en tu carpeta de correo no deseado en caso de que haya sido enviado a spam.\r\n<h3>Cuando abro el correo electr\u00f3nico, solo veo una p\u00e1gina en blanco<\/h3>\r\nEl enlace en el correo electr\u00f3nico es v\u00e1lido solo por 7 d\u00edas, por lo que, si han pasado m\u00e1s de 7 d\u00edas desde que recibiste el correo electr\u00f3nico, habla con tu entrenador y p\u00eddele que vuelva a enviar la invitaci\u00f3n.\r\n<h3>He olvidado mi contrase\u00f1a<\/h3>\r\nSi ya has creado la nueva contrase\u00f1a, pero la has olvidado, simplemente haz clic en el bot\u00f3n \u00abolvid\u00e9 mi contrase\u00f1a\u00bb. Se enviar\u00e1 un correo electr\u00f3nico con un enlace para crear una nueva contrase\u00f1a. Nota: este enlace para crear una nueva contrase\u00f1a solo es v\u00e1lido durante 2 horas.\t\t\t\t\t\t\t\t<\/div>\n\t\t\t\t<\/div>\n\t\t\t\t\t<\/div>\n\t\t<\/div>\n\t\t\t\t\t<\/div>\n\t\t<\/section>\n\t\t\t\t\t<\/div>\n\t\t<\/div>\n\t\t\t\t\t<\/div>\n\t\t<\/section>\n\t\t\t\t<\/div>\n\t\t","protected":false},"excerpt":{"rendered":"","protected":false},"author":1,"featured_media":0,"parent":0,"menu_order":0,"comment_status":"closed","ping_status":"closed","template":"page-templates\/template-pagebuilder-full-width.php","meta":{"_acf_changed":false,"neve_meta_sidebar":"full-width","neve_meta_container":"","neve_meta_enable_content_width":"on","neve_meta_content_width":100,"neve_meta_title_alignment":"","neve_meta_author_avatar":"","neve_post_elements_order":"","neve_meta_disable_header":"","neve_meta_disable_footer":"","neve_meta_disable_title":"","neve_meta_reading_time":"","footnotes":""},"class_list":["post-13141","page","type-page","status-publish","hentry"],"acf":[],"yoast_head":"<!-- This site is optimized with the Yoast SEO plugin v26.6 - https:\/\/yoast.com\/wordpress\/plugins\/seo\/ -->\n<title>App FAQ - Curves<\/title>\n<meta name=\"robots\" content=\"index, follow, max-snippet:-1, max-image-preview:large, max-video-preview:-1\" \/>\n<link rel=\"canonical\" href=\"https:\/\/www.curves.eu\/es\/app-faq-es\/\" \/>\n<meta property=\"og:locale\" content=\"es_ES\" \/>\n<meta property=\"og:type\" content=\"article\" \/>\n<meta property=\"og:title\" content=\"App FAQ - Curves\" \/>\n<meta property=\"og:url\" content=\"https:\/\/www.curves.eu\/es\/app-faq-es\/\" \/>\n<meta property=\"og:site_name\" content=\"Curves\" \/>\n<meta property=\"article:modified_time\" content=\"2023-11-20T09:30:45+00:00\" \/>\n<meta name=\"twitter:card\" content=\"summary_large_image\" \/>\n<meta name=\"twitter:label1\" content=\"Tiempo de lectura\" \/>\n\t<meta name=\"twitter:data1\" content=\"2 minutos\" \/>\n<script type=\"application\/ld+json\" class=\"yoast-schema-graph\">{\"@context\":\"https:\/\/schema.org\",\"@graph\":[{\"@type\":\"WebPage\",\"@id\":\"https:\/\/www.curves.eu\/es\/app-faq-es\/\",\"url\":\"https:\/\/www.curves.eu\/es\/app-faq-es\/\",\"name\":\"App FAQ - Curves\",\"isPartOf\":{\"@id\":\"https:\/\/www.curves.eu\/es\/#website\"},\"datePublished\":\"2021-10-20T21:16:12+00:00\",\"dateModified\":\"2023-11-20T09:30:45+00:00\",\"breadcrumb\":{\"@id\":\"https:\/\/www.curves.eu\/es\/app-faq-es\/#breadcrumb\"},\"inLanguage\":\"es\",\"potentialAction\":[{\"@type\":\"ReadAction\",\"target\":[\"https:\/\/www.curves.eu\/es\/app-faq-es\/\"]}]},{\"@type\":\"BreadcrumbList\",\"@id\":\"https:\/\/www.curves.eu\/es\/app-faq-es\/#breadcrumb\",\"itemListElement\":[{\"@type\":\"ListItem\",\"position\":1,\"name\":\"Inicio\",\"item\":\"https:\/\/www.curves.eu\/es\/\"},{\"@type\":\"ListItem\",\"position\":2,\"name\":\"App FAQ\"}]},{\"@type\":\"WebSite\",\"@id\":\"https:\/\/www.curves.eu\/es\/#website\",\"url\":\"https:\/\/www.curves.eu\/es\/\",\"name\":\"Curves\",\"description\":\"\",\"publisher\":{\"@id\":\"https:\/\/www.curves.eu\/es\/#organization\"},\"potentialAction\":[{\"@type\":\"SearchAction\",\"target\":{\"@type\":\"EntryPoint\",\"urlTemplate\":\"https:\/\/www.curves.eu\/es\/?s={search_term_string}\"},\"query-input\":{\"@type\":\"PropertyValueSpecification\",\"valueRequired\":true,\"valueName\":\"search_term_string\"}}],\"inLanguage\":\"es\"},{\"@type\":\"Organization\",\"@id\":\"https:\/\/www.curves.eu\/es\/#organization\",\"name\":\"Curves\",\"url\":\"https:\/\/www.curves.eu\/es\/\",\"logo\":{\"@type\":\"ImageObject\",\"inLanguage\":\"es\",\"@id\":\"https:\/\/www.curves.eu\/es\/#\/schema\/logo\/image\/\",\"url\":\"https:\/\/www.curves.eu\/wp-content\/uploads\/2021\/08\/Curves-Logo-fitness-for-women.png\",\"contentUrl\":\"https:\/\/www.curves.eu\/wp-content\/uploads\/2021\/08\/Curves-Logo-fitness-for-women.png\",\"width\":198,\"height\":72,\"caption\":\"Curves\"},\"image\":{\"@id\":\"https:\/\/www.curves.eu\/es\/#\/schema\/logo\/image\/\"}}]}<\/script>\n<!-- \/ Yoast SEO plugin. -->","yoast_head_json":{"title":"App FAQ - Curves","robots":{"index":"index","follow":"follow","max-snippet":"max-snippet:-1","max-image-preview":"max-image-preview:large","max-video-preview":"max-video-preview:-1"},"canonical":"https:\/\/www.curves.eu\/es\/app-faq-es\/","og_locale":"es_ES","og_type":"article","og_title":"App FAQ - Curves","og_url":"https:\/\/www.curves.eu\/es\/app-faq-es\/","og_site_name":"Curves","article_modified_time":"2023-11-20T09:30:45+00:00","twitter_card":"summary_large_image","twitter_misc":{"Tiempo de lectura":"2 minutos"},"schema":{"@context":"https:\/\/schema.org","@graph":[{"@type":"WebPage","@id":"https:\/\/www.curves.eu\/es\/app-faq-es\/","url":"https:\/\/www.curves.eu\/es\/app-faq-es\/","name":"App FAQ - Curves","isPartOf":{"@id":"https:\/\/www.curves.eu\/es\/#website"},"datePublished":"2021-10-20T21:16:12+00:00","dateModified":"2023-11-20T09:30:45+00:00","breadcrumb":{"@id":"https:\/\/www.curves.eu\/es\/app-faq-es\/#breadcrumb"},"inLanguage":"es","potentialAction":[{"@type":"ReadAction","target":["https:\/\/www.curves.eu\/es\/app-faq-es\/"]}]},{"@type":"BreadcrumbList","@id":"https:\/\/www.curves.eu\/es\/app-faq-es\/#breadcrumb","itemListElement":[{"@type":"ListItem","position":1,"name":"Inicio","item":"https:\/\/www.curves.eu\/es\/"},{"@type":"ListItem","position":2,"name":"App FAQ"}]},{"@type":"WebSite","@id":"https:\/\/www.curves.eu\/es\/#website","url":"https:\/\/www.curves.eu\/es\/","name":"Curves","description":"","publisher":{"@id":"https:\/\/www.curves.eu\/es\/#organization"},"potentialAction":[{"@type":"SearchAction","target":{"@type":"EntryPoint","urlTemplate":"https:\/\/www.curves.eu\/es\/?s={search_term_string}"},"query-input":{"@type":"PropertyValueSpecification","valueRequired":true,"valueName":"search_term_string"}}],"inLanguage":"es"},{"@type":"Organization","@id":"https:\/\/www.curves.eu\/es\/#organization","name":"Curves","url":"https:\/\/www.curves.eu\/es\/","logo":{"@type":"ImageObject","inLanguage":"es","@id":"https:\/\/www.curves.eu\/es\/#\/schema\/logo\/image\/","url":"https:\/\/www.curves.eu\/wp-content\/uploads\/2021\/08\/Curves-Logo-fitness-for-women.png","contentUrl":"https:\/\/www.curves.eu\/wp-content\/uploads\/2021\/08\/Curves-Logo-fitness-for-women.png","width":198,"height":72,"caption":"Curves"},"image":{"@id":"https:\/\/www.curves.eu\/es\/#\/schema\/logo\/image\/"}}]}},"_links":{"self":[{"href":"https:\/\/www.curves.eu\/es\/wp-json\/wp\/v2\/pages\/13141","targetHints":{"allow":["GET"]}}],"collection":[{"href":"https:\/\/www.curves.eu\/es\/wp-json\/wp\/v2\/pages"}],"about":[{"href":"https:\/\/www.curves.eu\/es\/wp-json\/wp\/v2\/types\/page"}],"author":[{"embeddable":true,"href":"https:\/\/www.curves.eu\/es\/wp-json\/wp\/v2\/users\/1"}],"replies":[{"embeddable":true,"href":"https:\/\/www.curves.eu\/es\/wp-json\/wp\/v2\/comments?post=13141"}],"version-history":[{"count":5,"href":"https:\/\/www.curves.eu\/es\/wp-json\/wp\/v2\/pages\/13141\/revisions"}],"predecessor-version":[{"id":23088,"href":"https:\/\/www.curves.eu\/es\/wp-json\/wp\/v2\/pages\/13141\/revisions\/23088"}],"wp:attachment":[{"href":"https:\/\/www.curves.eu\/es\/wp-json\/wp\/v2\/media?parent=13141"}],"curies":[{"name":"wp","href":"https:\/\/api.w.org\/{rel}","templated":true}]}}