{"id":27565,"date":"2020-03-23T09:37:34","date_gmt":"2020-03-23T09:37:34","guid":{"rendered":"https:\/\/www.curves.eu\/contacte\/"},"modified":"2026-04-07T11:08:05","modified_gmt":"2026-04-07T10:08:05","slug":"contacte","status":"publish","type":"page","link":"https:\/\/www.curves.eu\/ca\/contacte\/","title":{"rendered":"Contacte"},"content":{"rendered":"\t\t<div data-elementor-type=\"wp-page\" data-elementor-id=\"27565\" class=\"elementor elementor-27565 elementor-27\" data-elementor-post-type=\"page\">\n\t\t\t\t\t\t<section data-dce-background-image-url=\"https:\/\/curves.eu\/wp-content\/uploads\/2021\/08\/curves-programme-1.jpg\" class=\"elementor-section elementor-top-section elementor-element elementor-element-12cba78 elementor-section-height-min-height elementor-section-boxed elementor-section-height-default elementor-section-items-middle\" data-id=\"12cba78\" data-element_type=\"section\" data-settings=\"{&quot;background_background&quot;:&quot;classic&quot;}\">\n\t\t\t\t\t\t\t<div class=\"elementor-background-overlay\"><\/div>\n\t\t\t\t\t\t\t<div class=\"elementor-container elementor-column-gap-default\">\n\t\t\t\t\t<div class=\"elementor-column elementor-col-100 elementor-top-column elementor-element elementor-element-11fb5a9\" data-id=\"11fb5a9\" data-element_type=\"column\">\n\t\t\t<div class=\"elementor-widget-wrap elementor-element-populated\">\n\t\t\t\t\t\t<section class=\"elementor-section elementor-inner-section elementor-element elementor-element-57beeaa elementor-section-boxed elementor-section-height-default elementor-section-height-default\" data-id=\"57beeaa\" data-element_type=\"section\">\n\t\t\t\t\t\t<div class=\"elementor-container elementor-column-gap-default\">\n\t\t\t\t\t<div class=\"elementor-column elementor-col-100 elementor-inner-column elementor-element elementor-element-49fbc01\" data-id=\"49fbc01\" data-element_type=\"column\">\n\t\t\t<div class=\"elementor-widget-wrap elementor-element-populated\">\n\t\t\t\t\t\t<div class=\"elementor-element elementor-element-de60280 elementor-widget elementor-widget-heading\" data-id=\"de60280\" data-element_type=\"widget\" data-widget_type=\"heading.default\">\n\t\t\t\t<div class=\"elementor-widget-container\">\n\t\t\t\t\t<h1 class=\"elementor-heading-title elementor-size-default\">Contacta<\/h1>\t\t\t\t<\/div>\n\t\t\t\t<\/div>\n\t\t\t\t<div class=\"elementor-element elementor-element-2cf6c4c elementor-widget elementor-widget-heading\" data-id=\"2cf6c4c\" data-element_type=\"widget\" data-widget_type=\"heading.default\">\n\t\t\t\t<div class=\"elementor-widget-container\">\n\t\t\t\t\t<span class=\"elementor-heading-title elementor-size-default\">Ens encantaria escoltar-te.<\/span>\t\t\t\t<\/div>\n\t\t\t\t<\/div>\n\t\t\t\t\t<\/div>\n\t\t<\/div>\n\t\t\t\t\t<\/div>\n\t\t<\/section>\n\t\t\t\t\t<\/div>\n\t\t<\/div>\n\t\t\t\t\t<\/div>\n\t\t<\/section>\n\t\t\t\t<section class=\"elementor-section elementor-top-section elementor-element elementor-element-736e9b5 elementor-section-boxed elementor-section-height-default elementor-section-height-default\" data-id=\"736e9b5\" data-element_type=\"section\" data-settings=\"{&quot;background_background&quot;:&quot;classic&quot;}\">\n\t\t\t\t\t\t<div class=\"elementor-container elementor-column-gap-default\">\n\t\t\t\t\t<div class=\"elementor-column elementor-col-100 elementor-top-column elementor-element elementor-element-21a77c0\" data-id=\"21a77c0\" data-element_type=\"column\">\n\t\t\t<div class=\"elementor-widget-wrap elementor-element-populated\">\n\t\t\t\t\t\t<div class=\"elementor-element elementor-element-68710bd elementor-align-left elementor-widget elementor-widget-breadcrumbs\" data-id=\"68710bd\" data-element_type=\"widget\" data-widget_type=\"breadcrumbs.default\">\n\t\t\t\t<div class=\"elementor-widget-container\">\n\t\t\t\t\t<p id=\"breadcrumbs\"><span><span><a href=\"https:\/\/www.curves.eu\/ca\/\">Home<\/a><\/span><\/span><\/p>\t\t\t\t<\/div>\n\t\t\t\t<\/div>\n\t\t\t\t<section class=\"elementor-section elementor-inner-section elementor-element elementor-element-46946a2 elementor-section-boxed elementor-section-height-default elementor-section-height-default\" data-id=\"46946a2\" data-element_type=\"section\">\n\t\t\t\t\t\t<div class=\"elementor-container elementor-column-gap-default\">\n\t\t\t\t\t<div class=\"elementor-column elementor-col-50 elementor-inner-column elementor-element elementor-element-0f0096d\" data-id=\"0f0096d\" data-element_type=\"column\">\n\t\t\t<div class=\"elementor-widget-wrap elementor-element-populated\">\n\t\t\t\t\t\t<div class=\"elementor-element elementor-element-5e442ec elementor-widget elementor-widget-text-editor\" data-id=\"5e442ec\" data-element_type=\"widget\" data-widget_type=\"text-editor.default\">\n\t\t\t\t<div class=\"elementor-widget-container\">\n\t\t\t\t\t\t\t\t\t<div>\n<div>\n<p>Si ets s\u00f2cia de Curves, tingues en compte que tots els clubs Curves s\u00f3n de gesti\u00f3 i propietat independent. Per a qualsevol consulta espec\u00edfica sobre un club, adre\u00e7a\u2019t directament al seu propietari\/a.<\/p>\n<p>Per a qualsevol altra consulta, si us plau, contacta amb nosaltres a: <a href=\"mailto:eumarketing@curves.eu\">eumarketing@curves.eu<\/a>.<strong><br \/><\/strong><\/p>\n<p><strong>Premsa<\/strong><br \/>Per a temes relacionats amb premsa, contacta amb nosaltres a: <a href=\"mailto:eumarketing@curves.eu\">eumarketing@curves.eu<\/a>.<strong><br \/><\/strong><\/p>\n<p><strong>Venda de franqu\u00edcies<\/strong><br \/>T\u2019interessa adquirir una franqu\u00edcia Curves? Contacta amb nosaltres a: <a href=\"mailto:infoesp@curves.eu\">infoesp@curves.eu<\/a>.<\/p>\n<\/div>\n<\/div>\n\t\t\t\t\t\t\t\t<\/div>\n\t\t\t\t<\/div>\n\t\t\t\t\t<\/div>\n\t\t<\/div>\n\t\t\t\t<div class=\"elementor-column elementor-col-50 elementor-inner-column elementor-element elementor-element-d6bdb55\" data-id=\"d6bdb55\" data-element_type=\"column\">\n\t\t\t<div class=\"elementor-widget-wrap elementor-element-populated\">\n\t\t\t\t\t\t<div class=\"elementor-element elementor-element-a99ffa9 dce_masking-none elementor-widget elementor-widget-image\" data-id=\"a99ffa9\" data-element_type=\"widget\" data-widget_type=\"image.default\">\n\t\t\t\t<div class=\"elementor-widget-container\">\n\t\t\t\t\t\t\t\t\t\t\t\t\t\t\t<img fetchpriority=\"high\" decoding=\"async\" width=\"800\" height=\"800\" src=\"https:\/\/www.curves.eu\/wp-content\/uploads\/2021\/09\/curves-circuit-fitness-top-image-1.jpg\" class=\"attachment-full size-full wp-image-27566\" alt=\"\" srcset=\"https:\/\/www.curves.eu\/wp-content\/uploads\/2021\/09\/curves-circuit-fitness-top-image-1.jpg 800w, https:\/\/www.curves.eu\/wp-content\/uploads\/2021\/09\/curves-circuit-fitness-top-image-1-300x300.jpg 300w, https:\/\/www.curves.eu\/wp-content\/uploads\/2021\/09\/curves-circuit-fitness-top-image-1-150x150.jpg 150w, https:\/\/www.curves.eu\/wp-content\/uploads\/2021\/09\/curves-circuit-fitness-top-image-1-768x768.jpg 768w\" sizes=\"(max-width: 800px) 100vw, 800px\" \/>\t\t\t\t\t\t\t\t\t\t\t\t\t\t\t<\/div>\n\t\t\t\t<\/div>\n\t\t\t\t\t<\/div>\n\t\t<\/div>\n\t\t\t\t\t<\/div>\n\t\t<\/section>\n\t\t\t\t\t<\/div>\n\t\t<\/div>\n\t\t\t\t\t<\/div>\n\t\t<\/section>\n\t\t\t\t<\/div>\n\t\t","protected":false},"excerpt":{"rendered":"","protected":false},"author":1,"featured_media":0,"parent":0,"menu_order":0,"comment_status":"closed","ping_status":"closed","template":"page-templates\/template-pagebuilder-full-width.php","meta":{"_acf_changed":false,"neve_meta_sidebar":"full-width","neve_meta_container":"","neve_meta_enable_content_width":"on","neve_meta_content_width":100,"neve_meta_title_alignment":"","neve_meta_author_avatar":"","neve_post_elements_order":"","neve_meta_disable_header":"","neve_meta_disable_footer":"","neve_meta_disable_title":"","neve_meta_reading_time":"","footnotes":""},"class_list":["post-27565","page","type-page","status-publish","hentry"],"acf":[],"yoast_head":"<!-- This site is optimized with the Yoast SEO plugin v26.6 - https:\/\/yoast.com\/wordpress\/plugins\/seo\/ -->\n<title>Contacte - Curves<\/title>\n<meta name=\"robots\" content=\"index, follow, max-snippet:-1, max-image-preview:large, max-video-preview:-1\" \/>\n<link rel=\"canonical\" href=\"https:\/\/www.curves.eu\/ca\/contacte\/\" \/>\n<meta property=\"og:locale\" content=\"ca_ES\" \/>\n<meta property=\"og:type\" content=\"article\" \/>\n<meta property=\"og:title\" content=\"Contacte - Curves\" \/>\n<meta property=\"og:url\" content=\"https:\/\/www.curves.eu\/ca\/contacte\/\" \/>\n<meta property=\"og:site_name\" content=\"Curves\" \/>\n<meta property=\"article:modified_time\" content=\"2026-04-07T10:08:05+00:00\" \/>\n<meta property=\"og:image\" content=\"https:\/\/www.curves.eu\/wp-content\/uploads\/2021\/09\/curves-circuit-fitness-top-image-1.jpg\" \/>\n\t<meta property=\"og:image:width\" content=\"800\" \/>\n\t<meta property=\"og:image:height\" content=\"800\" \/>\n\t<meta property=\"og:image:type\" content=\"image\/jpeg\" \/>\n<meta name=\"twitter:card\" content=\"summary_large_image\" \/>\n<script type=\"application\/ld+json\" class=\"yoast-schema-graph\">{\"@context\":\"https:\/\/schema.org\",\"@graph\":[{\"@type\":\"WebPage\",\"@id\":\"https:\/\/www.curves.eu\/ca\/contacte\/\",\"url\":\"https:\/\/www.curves.eu\/ca\/contacte\/\",\"name\":\"Contacte - Curves\",\"isPartOf\":{\"@id\":\"https:\/\/www.curves.eu\/ca\/#website\"},\"primaryImageOfPage\":{\"@id\":\"https:\/\/www.curves.eu\/ca\/contacte\/#primaryimage\"},\"image\":{\"@id\":\"https:\/\/www.curves.eu\/ca\/contacte\/#primaryimage\"},\"thumbnailUrl\":\"https:\/\/www.curves.eu\/wp-content\/uploads\/2021\/09\/curves-circuit-fitness-top-image-1.jpg\",\"datePublished\":\"2020-03-23T09:37:34+00:00\",\"dateModified\":\"2026-04-07T10:08:05+00:00\",\"breadcrumb\":{\"@id\":\"https:\/\/www.curves.eu\/ca\/contacte\/#breadcrumb\"},\"inLanguage\":\"ca\",\"potentialAction\":[{\"@type\":\"ReadAction\",\"target\":[\"https:\/\/www.curves.eu\/ca\/contacte\/\"]}]},{\"@type\":\"ImageObject\",\"inLanguage\":\"ca\",\"@id\":\"https:\/\/www.curves.eu\/ca\/contacte\/#primaryimage\",\"url\":\"https:\/\/www.curves.eu\/wp-content\/uploads\/2021\/09\/curves-circuit-fitness-top-image-1.jpg\",\"contentUrl\":\"https:\/\/www.curves.eu\/wp-content\/uploads\/2021\/09\/curves-circuit-fitness-top-image-1.jpg\"},{\"@type\":\"BreadcrumbList\",\"@id\":\"https:\/\/www.curves.eu\/ca\/contacte\/#breadcrumb\",\"itemListElement\":[{\"@type\":\"ListItem\",\"position\":1,\"name\":\"Home\",\"item\":\"https:\/\/www.curves.eu\/ca\/\"},{\"@type\":\"ListItem\",\"position\":2,\"name\":\"Contacte\"}]},{\"@type\":\"WebSite\",\"@id\":\"https:\/\/www.curves.eu\/ca\/#website\",\"url\":\"https:\/\/www.curves.eu\/ca\/\",\"name\":\"Curves\",\"description\":\"\",\"publisher\":{\"@id\":\"https:\/\/www.curves.eu\/ca\/#organization\"},\"potentialAction\":[{\"@type\":\"SearchAction\",\"target\":{\"@type\":\"EntryPoint\",\"urlTemplate\":\"https:\/\/www.curves.eu\/ca\/?s={search_term_string}\"},\"query-input\":{\"@type\":\"PropertyValueSpecification\",\"valueRequired\":true,\"valueName\":\"search_term_string\"}}],\"inLanguage\":\"ca\"},{\"@type\":\"Organization\",\"@id\":\"https:\/\/www.curves.eu\/ca\/#organization\",\"name\":\"Curves\",\"url\":\"https:\/\/www.curves.eu\/ca\/\",\"logo\":{\"@type\":\"ImageObject\",\"inLanguage\":\"ca\",\"@id\":\"https:\/\/www.curves.eu\/ca\/#\/schema\/logo\/image\/\",\"url\":\"https:\/\/www.curves.eu\/wp-content\/uploads\/2021\/08\/Curves-Logo-fitness-for-women.png\",\"contentUrl\":\"https:\/\/www.curves.eu\/wp-content\/uploads\/2021\/08\/Curves-Logo-fitness-for-women.png\",\"width\":198,\"height\":72,\"caption\":\"Curves\"},\"image\":{\"@id\":\"https:\/\/www.curves.eu\/ca\/#\/schema\/logo\/image\/\"}}]}<\/script>\n<!-- \/ Yoast SEO plugin. -->","yoast_head_json":{"title":"Contacte - Curves","robots":{"index":"index","follow":"follow","max-snippet":"max-snippet:-1","max-image-preview":"max-image-preview:large","max-video-preview":"max-video-preview:-1"},"canonical":"https:\/\/www.curves.eu\/ca\/contacte\/","og_locale":"ca_ES","og_type":"article","og_title":"Contacte - Curves","og_url":"https:\/\/www.curves.eu\/ca\/contacte\/","og_site_name":"Curves","article_modified_time":"2026-04-07T10:08:05+00:00","og_image":[{"width":800,"height":800,"url":"https:\/\/www.curves.eu\/wp-content\/uploads\/2021\/09\/curves-circuit-fitness-top-image-1.jpg","type":"image\/jpeg"}],"twitter_card":"summary_large_image","schema":{"@context":"https:\/\/schema.org","@graph":[{"@type":"WebPage","@id":"https:\/\/www.curves.eu\/ca\/contacte\/","url":"https:\/\/www.curves.eu\/ca\/contacte\/","name":"Contacte - Curves","isPartOf":{"@id":"https:\/\/www.curves.eu\/ca\/#website"},"primaryImageOfPage":{"@id":"https:\/\/www.curves.eu\/ca\/contacte\/#primaryimage"},"image":{"@id":"https:\/\/www.curves.eu\/ca\/contacte\/#primaryimage"},"thumbnailUrl":"https:\/\/www.curves.eu\/wp-content\/uploads\/2021\/09\/curves-circuit-fitness-top-image-1.jpg","datePublished":"2020-03-23T09:37:34+00:00","dateModified":"2026-04-07T10:08:05+00:00","breadcrumb":{"@id":"https:\/\/www.curves.eu\/ca\/contacte\/#breadcrumb"},"inLanguage":"ca","potentialAction":[{"@type":"ReadAction","target":["https:\/\/www.curves.eu\/ca\/contacte\/"]}]},{"@type":"ImageObject","inLanguage":"ca","@id":"https:\/\/www.curves.eu\/ca\/contacte\/#primaryimage","url":"https:\/\/www.curves.eu\/wp-content\/uploads\/2021\/09\/curves-circuit-fitness-top-image-1.jpg","contentUrl":"https:\/\/www.curves.eu\/wp-content\/uploads\/2021\/09\/curves-circuit-fitness-top-image-1.jpg"},{"@type":"BreadcrumbList","@id":"https:\/\/www.curves.eu\/ca\/contacte\/#breadcrumb","itemListElement":[{"@type":"ListItem","position":1,"name":"Home","item":"https:\/\/www.curves.eu\/ca\/"},{"@type":"ListItem","position":2,"name":"Contacte"}]},{"@type":"WebSite","@id":"https:\/\/www.curves.eu\/ca\/#website","url":"https:\/\/www.curves.eu\/ca\/","name":"Curves","description":"","publisher":{"@id":"https:\/\/www.curves.eu\/ca\/#organization"},"potentialAction":[{"@type":"SearchAction","target":{"@type":"EntryPoint","urlTemplate":"https:\/\/www.curves.eu\/ca\/?s={search_term_string}"},"query-input":{"@type":"PropertyValueSpecification","valueRequired":true,"valueName":"search_term_string"}}],"inLanguage":"ca"},{"@type":"Organization","@id":"https:\/\/www.curves.eu\/ca\/#organization","name":"Curves","url":"https:\/\/www.curves.eu\/ca\/","logo":{"@type":"ImageObject","inLanguage":"ca","@id":"https:\/\/www.curves.eu\/ca\/#\/schema\/logo\/image\/","url":"https:\/\/www.curves.eu\/wp-content\/uploads\/2021\/08\/Curves-Logo-fitness-for-women.png","contentUrl":"https:\/\/www.curves.eu\/wp-content\/uploads\/2021\/08\/Curves-Logo-fitness-for-women.png","width":198,"height":72,"caption":"Curves"},"image":{"@id":"https:\/\/www.curves.eu\/ca\/#\/schema\/logo\/image\/"}}]}},"_links":{"self":[{"href":"https:\/\/www.curves.eu\/ca\/wp-json\/wp\/v2\/pages\/27565","targetHints":{"allow":["GET"]}}],"collection":[{"href":"https:\/\/www.curves.eu\/ca\/wp-json\/wp\/v2\/pages"}],"about":[{"href":"https:\/\/www.curves.eu\/ca\/wp-json\/wp\/v2\/types\/page"}],"author":[{"embeddable":true,"href":"https:\/\/www.curves.eu\/ca\/wp-json\/wp\/v2\/users\/1"}],"replies":[{"embeddable":true,"href":"https:\/\/www.curves.eu\/ca\/wp-json\/wp\/v2\/comments?post=27565"}],"version-history":[{"count":1,"href":"https:\/\/www.curves.eu\/ca\/wp-json\/wp\/v2\/pages\/27565\/revisions"}],"predecessor-version":[{"id":27567,"href":"https:\/\/www.curves.eu\/ca\/wp-json\/wp\/v2\/pages\/27565\/revisions\/27567"}],"wp:attachment":[{"href":"https:\/\/www.curves.eu\/ca\/wp-json\/wp\/v2\/media?parent=27565"}],"curies":[{"name":"wp","href":"https:\/\/api.w.org\/{rel}","templated":true}]}}